{"id":6,"date":"2024-03-21T09:18:42","date_gmt":"2024-03-21T12:18:42","guid":{"rendered":"https:\/\/menegazzi.com.br\/\/home\/"},"modified":"2024-07-05T11:42:01","modified_gmt":"2024-07-05T14:42:01","slug":"home","status":"publish","type":"page","link":"https:\/\/menegazzi.com.br\/es\/","title":{"rendered":"Home"},"content":{"rendered":"<p><a href=\"https:\/\/menegazzi.com.br\/es\/\">Menegazzi &#8211; Home<\/a><\/p>\n<h2>A Menegazzi<\/h2>\n<p>disp\u00f5e de uma equipe de profissionais preparados para acompanhar sua carga em qualquer caminho escolhido. Nossos protocolos de atendimento s\u00e3o modernos, com padr\u00e3o de organiza\u00e7\u00e3o e transpar\u00eancia de alto n\u00edvel. Aliamos tecnologia, informa\u00e7\u00e3o e inova\u00e7\u00e3o.<\/p>\n<div class=\"left-right-content\">\n<div class=\"right aos-init aos-animate\" data-aos=\"fade-left\"><img decoding=\"async\" src=\"https:\/\/menegazzi.com.br\/\/wp-content\/uploads\/2024\/03\/imagem_equipe-1.png\" alt=\"https:\/\/menegazzi.com.br\/\/wp-content\/uploads\/2024\/03\/imagem_equipe-1.png\" \/><\/div>\n<\/div>\n<h2>Quem Somos<\/h2>\n<p>Desde 2006 no mercado, com sede em Trombudo Central, Santa Catarina, Brasil, a Menegazzi Transportes j\u00e1 viajou pela Am\u00e9rica do Sul. Desde sua funda\u00e7\u00e3o, atua no transporte rodovi\u00e1rio de cargas convencionais, nacionais e internacionais.<\/p>\n<p>Nossa equipe \u00e9 preparada, para atuar com agilidade e garantir a seguran\u00e7a no transporte que requer diferentes n\u00edveis de acompanhamento. Possu\u00edmos a valida\u00e7\u00e3o necess\u00e1ria para atuar em estradas nacionais ou internacionais, e a experi\u00eancia de quem est\u00e1 h\u00e1 mais de 18 anos auxiliando grandes empresas a receber e enviar suas mercadorias.<\/p>\n<p>&nbsp;<\/p>\n<div class=\"repetidor\">\n<div class=\"texto par\">\n<p>Excelencia en log\u00edstica en el Cono Sur<\/p>\n<\/div>\n<\/div>\n<div class=\"repetidor\">\n<div class=\"linha_tempo_impar\"><\/div>\n<div class=\"texto impar\">\n<p>Atenci\u00f3n humanizada<\/p>\n<\/div>\n<\/div>\n<div class=\"repetidor\">\n<div class=\"linha_tempo_par\"><\/div>\n<div class=\"texto par\">\n<p>Asistencia cercana y confiable<\/p>\n<\/div>\n<\/div>\n<div class=\"repetidor\">\n<div class=\"linha_tempo_impar\"><\/div>\n<div class=\"texto impar\">\n<p>Arquitectura de entrega personalizada<\/p>\n<\/div>\n<\/div>\n<div class=\"repetidor\">\n<div class=\"linha_tempo_par\"><\/div>\n<div class=\"texto par\">\n<p>Relaciones comerciales s\u00f3lidas y sustentables<\/p>\n<\/div>\n<\/div>\n<p>&nbsp;<\/p>\n<div class=\"item aos-init aos-animate\" data-aos=\"flip-left\">\n<div class=\"logo\"><img decoding=\"async\" src=\"https:\/\/menegazzi.com.br\/\/wp-content\/uploads\/2024\/04\/sider.png\" alt=\"sider\" \/><\/div>\n<div class=\"content\"><span class=\"titulo\">Proyectos Exclusivos<\/span>Proyectos dedicados que abarcan desde las operaciones internas hasta la cadena de log\u00edstica completa, especialmente planificados y llevados adelante seg\u00fan<br \/>\nlas demandas del cliente.<\/div>\n<\/div>\n<div class=\"item aos-init aos-animate\" data-aos=\"flip-left\">\n<div class=\"logo\"><img decoding=\"async\" src=\"https:\/\/menegazzi.com.br\/\/wp-content\/uploads\/2024\/04\/carreta.png\" alt=\"carreta\" \/><\/div>\n<div class=\"content\">\n<p><span class=\"titulo\">Transporte Nacional<\/span>Cargas completas, generales para todo Brasil, con sider, ba\u00fal, baranda baja y granelero.<\/p>\n<\/div>\n<\/div>\n<div class=\"item aos-init aos-animate\" data-aos=\"flip-left\">\n<div class=\"logo\"><img decoding=\"async\" src=\"https:\/\/menegazzi.com.br\/\/wp-content\/uploads\/2024\/04\/carreta_internacional.png\" alt=\"carreta_internacional\" \/><\/div>\n<div class=\"content\">\n<p><span class=\"titulo\">Transporte Internacional<\/span>Cargas completas, generales para Argentina, Chile, Paraguay y Uruguay, con sider, ba\u00fal, baranda baja y granelero.<\/p>\n<\/div>\n<\/div>\n<p>Frota equipada com sistema\u00a0Euro 5\u00a0e\u00a0Euro 6<\/p>\n<p>Descomplicamos caminhos para que sua\u00a0empresa\u00a0chegue\u00a0mais longe\u00a0com\u00a0seguran\u00e7a.<\/p>\n<p>&nbsp;<\/p>\n<p>Desde 2006 no mercado, com sede em Trombudo Central, Santa Catarina, Brasil, a Menegazzi Transportes j\u00e1 viajou pela Am\u00e9rica do Sul. Desde sua funda\u00e7\u00e3o, atua no transporte rodovi\u00e1rio de cargas convencionais, nacionais e internacionais.<\/p>\n<p>Nossa equipe \u00e9 preparada, para atuar com agilidade e garantir a seguran\u00e7a no transporte que requer diferentes n\u00edveis de acompanhamento. Possu\u00edmos a valida\u00e7\u00e3o necess\u00e1ria para atuar em estradas nacionais ou internacionais, e a experi\u00eancia de quem est\u00e1 h\u00e1 mais de 18 anos auxiliando grandes empresas a receber e enviar suas mercadorias.<\/p>\n<p><a href=\"https:\/\/www.google.com.br\">Google<\/a><\/p>","protected":false},"excerpt":{"rendered":"<p>Menegazzi &#8211; Home A Menegazzi disp\u00f5e de uma equipe de profissionais preparados para acompanhar sua carga em qualquer caminho escolhido. Nossos protocolos de atendimento s\u00e3o modernos, com pad ...","protected":false},"author":1,"featured_media":0,"parent":0,"menu_order":0,"comment_status":"closed","ping_status":"closed","template":"","meta":{"_acf_changed":false,"footnotes":""},"class_list":["post-6","page","type-page","status-publish","hentry"],"acf":[],"yoast_head":"<!-- This site is optimized with the Yoast SEO plugin v26.4 - https:\/\/yoast.com\/wordpress\/plugins\/seo\/ -->\n<title>Menegazzi - Home<\/title>\n<meta name=\"description\" content=\"A Menegazzi disp\u00f5e de uma equipe de profissionais preparados para acompanhar sua carga em qualquer caminho escolhido.\" \/>\n<meta name=\"robots\" content=\"index, follow, max-snippet:-1, max-image-preview:large, max-video-preview:-1\" \/>\n<link rel=\"canonical\" href=\"https:\/\/menegazzi.com.br\/es\/\" \/>\n<meta property=\"og:locale\" content=\"es_ES\" \/>\n<meta property=\"og:type\" content=\"article\" \/>\n<meta property=\"og:title\" content=\"Menegazzi - Home\" \/>\n<meta property=\"og:description\" content=\"A Menegazzi disp\u00f5e de uma equipe de profissionais preparados para acompanhar sua carga em qualquer caminho escolhido.\" \/>\n<meta property=\"og:url\" content=\"https:\/\/menegazzi.com.br\/es\/\" \/>\n<meta property=\"og:site_name\" content=\"Menegazzi\" \/>\n<meta property=\"article:publisher\" content=\"https:\/\/www.facebook.com\/menegazzitransportes\/\" \/>\n<meta property=\"article:modified_time\" content=\"2024-07-05T14:42:01+00:00\" \/>\n<meta property=\"og:image\" content=\"https:\/\/menegazzi.com.br\/\/wp-content\/uploads\/2024\/03\/imagem_equipe-1.png\" \/>\n<meta name=\"twitter:card\" content=\"summary_large_image\" \/>\n<meta name=\"twitter:label1\" content=\"Est. reading time\" \/>\n\t<meta name=\"twitter:data1\" content=\"3 minutos\" \/>\n<script type=\"application\/ld+json\" class=\"yoast-schema-graph\">{\"@context\":\"https:\/\/schema.org\",\"@graph\":[{\"@type\":\"WebPage\",\"@id\":\"https:\/\/menegazzi.com.br\/\",\"url\":\"https:\/\/menegazzi.com.br\/\",\"name\":\"Menegazzi - Home\",\"isPartOf\":{\"@id\":\"https:\/\/menegazzi.com.br\/#website\"},\"primaryImageOfPage\":{\"@id\":\"https:\/\/menegazzi.com.br\/#primaryimage\"},\"image\":{\"@id\":\"https:\/\/menegazzi.com.br\/#primaryimage\"},\"thumbnailUrl\":\"https:\/\/menegazzi.com.br\/\/wp-content\/uploads\/2024\/03\/imagem_equipe-1.png\",\"datePublished\":\"2024-03-21T12:18:42+00:00\",\"dateModified\":\"2024-07-05T14:42:01+00:00\",\"description\":\"A Menegazzi disp\u00f5e de uma equipe de profissionais preparados para acompanhar sua carga em qualquer caminho escolhido.\",\"breadcrumb\":{\"@id\":\"https:\/\/menegazzi.com.br\/#breadcrumb\"},\"inLanguage\":\"es\",\"potentialAction\":[{\"@type\":\"ReadAction\",\"target\":[\"https:\/\/menegazzi.com.br\/\"]}]},{\"@type\":\"ImageObject\",\"inLanguage\":\"es\",\"@id\":\"https:\/\/menegazzi.com.br\/#primaryimage\",\"url\":\"https:\/\/menegazzi.com.br\/\/wp-content\/uploads\/2024\/03\/imagem_equipe-1.png\",\"contentUrl\":\"https:\/\/menegazzi.com.br\/\/wp-content\/uploads\/2024\/03\/imagem_equipe-1.png\"},{\"@type\":\"BreadcrumbList\",\"@id\":\"https:\/\/menegazzi.com.br\/#breadcrumb\",\"itemListElement\":[{\"@type\":\"ListItem\",\"position\":1,\"name\":\"In\u00edcio\",\"item\":\"https:\/\/menegazzi.com.br\/\"},{\"@type\":\"ListItem\",\"position\":2,\"name\":\"Home\"}]},{\"@type\":\"WebSite\",\"@id\":\"https:\/\/menegazzi.com.br\/#website\",\"url\":\"https:\/\/menegazzi.com.br\/\",\"name\":\"Menegazzi Transportes\",\"description\":\"\",\"publisher\":{\"@id\":\"https:\/\/menegazzi.com.br\/#organization\"},\"alternateName\":\"Menegazzi\",\"potentialAction\":[{\"@type\":\"SearchAction\",\"target\":{\"@type\":\"EntryPoint\",\"urlTemplate\":\"https:\/\/menegazzi.com.br\/?s={search_term_string}\"},\"query-input\":{\"@type\":\"PropertyValueSpecification\",\"valueRequired\":true,\"valueName\":\"search_term_string\"}}],\"inLanguage\":\"es\"},{\"@type\":\"Organization\",\"@id\":\"https:\/\/menegazzi.com.br\/#organization\",\"name\":\"Menegazzi Transportes\",\"alternateName\":\"Menegazi Transportes\",\"url\":\"https:\/\/menegazzi.com.br\/\",\"logo\":{\"@type\":\"ImageObject\",\"inLanguage\":\"es\",\"@id\":\"https:\/\/menegazzi.com.br\/#\/schema\/logo\/image\/\",\"url\":\"https:\/\/menegazzi.com.br\/wp-content\/uploads\/2024\/07\/marca_vertical_preferencial.png\",\"contentUrl\":\"https:\/\/menegazzi.com.br\/wp-content\/uploads\/2024\/07\/marca_vertical_preferencial.png\",\"width\":3199,\"height\":2041,\"caption\":\"Menegazzi Transportes\"},\"image\":{\"@id\":\"https:\/\/menegazzi.com.br\/#\/schema\/logo\/image\/\"},\"sameAs\":[\"https:\/\/www.facebook.com\/menegazzitransportes\/\",\"https:\/\/www.instagram.com\/menegazzitransportes\/\"]}]}<\/script>\n<!-- \/ Yoast SEO plugin. -->","yoast_head_json":{"title":"Menegazzi - Home","description":"A Menegazzi disp\u00f5e de uma equipe de profissionais preparados para acompanhar sua carga em qualquer caminho escolhido.","robots":{"index":"index","follow":"follow","max-snippet":"max-snippet:-1","max-image-preview":"max-image-preview:large","max-video-preview":"max-video-preview:-1"},"canonical":"https:\/\/menegazzi.com.br\/es\/","og_locale":"es_ES","og_type":"article","og_title":"Menegazzi - Home","og_description":"A Menegazzi disp\u00f5e de uma equipe de profissionais preparados para acompanhar sua carga em qualquer caminho escolhido.","og_url":"https:\/\/menegazzi.com.br\/es\/","og_site_name":"Menegazzi","article_publisher":"https:\/\/www.facebook.com\/menegazzitransportes\/","article_modified_time":"2024-07-05T14:42:01+00:00","og_image":[{"url":"https:\/\/menegazzi.com.br\/\/wp-content\/uploads\/2024\/03\/imagem_equipe-1.png","type":"","width":"","height":""}],"twitter_card":"summary_large_image","twitter_misc":{"Est. reading time":"3 minutos"},"schema":{"@context":"https:\/\/schema.org","@graph":[{"@type":"WebPage","@id":"https:\/\/menegazzi.com.br\/","url":"https:\/\/menegazzi.com.br\/","name":"Menegazzi - Home","isPartOf":{"@id":"https:\/\/menegazzi.com.br\/#website"},"primaryImageOfPage":{"@id":"https:\/\/menegazzi.com.br\/#primaryimage"},"image":{"@id":"https:\/\/menegazzi.com.br\/#primaryimage"},"thumbnailUrl":"https:\/\/menegazzi.com.br\/\/wp-content\/uploads\/2024\/03\/imagem_equipe-1.png","datePublished":"2024-03-21T12:18:42+00:00","dateModified":"2024-07-05T14:42:01+00:00","description":"A Menegazzi disp\u00f5e de uma equipe de profissionais preparados para acompanhar sua carga em qualquer caminho escolhido.","breadcrumb":{"@id":"https:\/\/menegazzi.com.br\/#breadcrumb"},"inLanguage":"es","potentialAction":[{"@type":"ReadAction","target":["https:\/\/menegazzi.com.br\/"]}]},{"@type":"ImageObject","inLanguage":"es","@id":"https:\/\/menegazzi.com.br\/#primaryimage","url":"https:\/\/menegazzi.com.br\/\/wp-content\/uploads\/2024\/03\/imagem_equipe-1.png","contentUrl":"https:\/\/menegazzi.com.br\/\/wp-content\/uploads\/2024\/03\/imagem_equipe-1.png"},{"@type":"BreadcrumbList","@id":"https:\/\/menegazzi.com.br\/#breadcrumb","itemListElement":[{"@type":"ListItem","position":1,"name":"In\u00edcio","item":"https:\/\/menegazzi.com.br\/"},{"@type":"ListItem","position":2,"name":"Home"}]},{"@type":"WebSite","@id":"https:\/\/menegazzi.com.br\/#website","url":"https:\/\/menegazzi.com.br\/","name":"Menegazzi Transportes","description":"","publisher":{"@id":"https:\/\/menegazzi.com.br\/#organization"},"alternateName":"Menegazzi","potentialAction":[{"@type":"SearchAction","target":{"@type":"EntryPoint","urlTemplate":"https:\/\/menegazzi.com.br\/?s={search_term_string}"},"query-input":{"@type":"PropertyValueSpecification","valueRequired":true,"valueName":"search_term_string"}}],"inLanguage":"es"},{"@type":"Organization","@id":"https:\/\/menegazzi.com.br\/#organization","name":"Menegazzi Transportes","alternateName":"Menegazi Transportes","url":"https:\/\/menegazzi.com.br\/","logo":{"@type":"ImageObject","inLanguage":"es","@id":"https:\/\/menegazzi.com.br\/#\/schema\/logo\/image\/","url":"https:\/\/menegazzi.com.br\/wp-content\/uploads\/2024\/07\/marca_vertical_preferencial.png","contentUrl":"https:\/\/menegazzi.com.br\/wp-content\/uploads\/2024\/07\/marca_vertical_preferencial.png","width":3199,"height":2041,"caption":"Menegazzi Transportes"},"image":{"@id":"https:\/\/menegazzi.com.br\/#\/schema\/logo\/image\/"},"sameAs":["https:\/\/www.facebook.com\/menegazzitransportes\/","https:\/\/www.instagram.com\/menegazzitransportes\/"]}]}},"_links":{"self":[{"href":"https:\/\/menegazzi.com.br\/es\/wp-json\/wp\/v2\/pages\/6","targetHints":{"allow":["GET"]}}],"collection":[{"href":"https:\/\/menegazzi.com.br\/es\/wp-json\/wp\/v2\/pages"}],"about":[{"href":"https:\/\/menegazzi.com.br\/es\/wp-json\/wp\/v2\/types\/page"}],"author":[{"embeddable":true,"href":"https:\/\/menegazzi.com.br\/es\/wp-json\/wp\/v2\/users\/1"}],"replies":[{"embeddable":true,"href":"https:\/\/menegazzi.com.br\/es\/wp-json\/wp\/v2\/comments?post=6"}],"version-history":[{"count":42,"href":"https:\/\/menegazzi.com.br\/es\/wp-json\/wp\/v2\/pages\/6\/revisions"}],"predecessor-version":[{"id":210,"href":"https:\/\/menegazzi.com.br\/es\/wp-json\/wp\/v2\/pages\/6\/revisions\/210"}],"wp:attachment":[{"href":"https:\/\/menegazzi.com.br\/es\/wp-json\/wp\/v2\/media?parent=6"}],"curies":[{"name":"wp","href":"https:\/\/api.w.org\/{rel}","templated":true}]}}